{"id":3,"date":"2025-02-20T23:39:59","date_gmt":"2025-02-20T23:39:59","guid":{"rendered":"https:\/\/ayd.atuorden.cl\/?page_id=3"},"modified":"2025-04-06T23:44:12","modified_gmt":"2025-04-06T23:44:12","slug":"privacy-policy","status":"publish","type":"page","link":"https:\/\/ayd.atuorden.cl\/index.php\/privacy-policy\/","title":{"rendered":"Informaci\u00f3n General"},"content":{"rendered":"\n<h2 class=\"wp-block-heading has-medium-font-size\">Registro de llegada\/check in: 15:00.<br>Registro de salida\/check out: 11:00<br>Edad m\u00ednima para registro: 18 a\u00f1os.<br>Permitido fumar solo en terrazas y balcones.<br>Prohibici\u00f3n de visitas, fiestas y ruidos molestos.<br>Estacionamiento subterr\u00e1neo $5.000.<br>Se aceptan mascotas. (1 mascota por departamento de hasta 10kg).<br>Medios de pagos aceptados: efectivo (peso chileno o d\u00f3lar), tarjeta de cr\u00e9dito y d\u00e9bito.<br>Recepci\u00f3n 24 hrs.<\/h2>\n\n\n\n<p><\/p>\n\n\n\n<p><\/p>\n","protected":false},"excerpt":{"rendered":"<p>Registro de llegada\/check in: 15:00.Registro de salida\/check out: 11:00Edad m\u00ednima para registro: 18 a\u00f1os.Permitido fumar solo en terrazas y balcones.Prohibici\u00f3n de visitas, fiestas y ruidos molestos.Estacionamiento subterr\u00e1neo $5.000.Se aceptan mascotas. (1 mascota por departamento de hasta 10kg).Medios de pagos aceptados: efectivo (peso chileno o d\u00f3lar), tarjeta de cr\u00e9dito y d\u00e9bito.Recepci\u00f3n 24 hrs.<\/p>\n","protected":false},"author":1,"featured_media":0,"parent":0,"menu_order":0,"comment_status":"closed","ping_status":"open","template":"","meta":{"footnotes":""},"class_list":["post-3","page","type-page","status-publish","hentry"],"_links":{"self":[{"href":"https:\/\/ayd.atuorden.cl\/index.php\/wp-json\/wp\/v2\/pages\/3","targetHints":{"allow":["GET"]}}],"collection":[{"href":"https:\/\/ayd.atuorden.cl\/index.php\/wp-json\/wp\/v2\/pages"}],"about":[{"href":"https:\/\/ayd.atuorden.cl\/index.php\/wp-json\/wp\/v2\/types\/page"}],"author":[{"embeddable":true,"href":"https:\/\/ayd.atuorden.cl\/index.php\/wp-json\/wp\/v2\/users\/1"}],"replies":[{"embeddable":true,"href":"https:\/\/ayd.atuorden.cl\/index.php\/wp-json\/wp\/v2\/comments?post=3"}],"version-history":[{"count":2,"href":"https:\/\/ayd.atuorden.cl\/index.php\/wp-json\/wp\/v2\/pages\/3\/revisions"}],"predecessor-version":[{"id":120,"href":"https:\/\/ayd.atuorden.cl\/index.php\/wp-json\/wp\/v2\/pages\/3\/revisions\/120"}],"wp:attachment":[{"href":"https:\/\/ayd.atuorden.cl\/index.php\/wp-json\/wp\/v2\/media?parent=3"}],"curies":[{"name":"wp","href":"https:\/\/api.w.org\/{rel}","templated":true}]}}