{"id":32,"date":"2025-04-06T16:45:26","date_gmt":"2025-04-06T16:45:26","guid":{"rendered":"https:\/\/ayd.atuorden.cl\/index.php\/comodidades\/"},"modified":"2025-04-06T23:44:51","modified_gmt":"2025-04-06T23:44:51","slug":"comodidades","status":"publish","type":"page","link":"https:\/\/ayd.atuorden.cl\/index.php\/comodidades\/","title":{"rendered":"Departamentos"},"content":{"rendered":"<div class=\"mphb_sc_rooms-wrapper mphb-room-types \">\n<div class=\"mphb-room-type post-95 mphb_room_type type-mphb_room_type status-publish mphb_room_type_category-a1p mphb_room_type_category-a2p mphb-room-type-adults-2 mphb-room-type-children-0 \">\n\n\t\n\t\n<h2 class=\"mphb-room-type-title entry-title\">\n\n<a class=\"mphb-room-type-title\" href=\"https:\/\/ayd.atuorden.cl\/index.php\/accommodation\/estudio\/\">Estudio<\/a>\n\n<\/h2>\n\n<p>Departamento Estudio Disfruta de este moderno y acogedor departamento tipo Estudio, totalmente amoblado y listo para tu llegada. Cuenta con: Cama doble, ropa de cama y toallas. Adem\u00e1s tiene cocina equipada con encimera, frigobar, horno el\u00e9ctrico, hervidor el\u00e9ctrico y utensilios b\u00e1sicos. En la zona de comedor tiene mesa y sillas altas tipo bar, ideal para [&hellip;]<\/p>\n\n\n<h3 class=\"mphb-room-type-details-title\">Detalles<\/h3><ul class=\"mphb-loop-room-type-attributes\">\n\t<li class=\"mphb-room-type-total-capacity\"><span class=\"mphb-attribute-title mphb-total-capacity-title\">Hu\u00e9spedes:<\/span><span class=\"mphb-attribute-value\">\n\t2\n\t<\/span><\/li>\t\n\n\n\n\n\n\n\n\n\n\t<li class=\"mphb-room-type-categories\"><span class=\"mphb-attribute-title mphb-categories-title\">Categor\u00edas:<\/span><span class=\"mphb-attribute-value\"> <span class=\"category-a1p\"><a href=\"https:\/\/ayd.atuorden.cl\/index.php\/accommodation-category\/a1p\/\">Apartamento 1 persona<\/a><\/span>, <span class=\"category-a2p\"><a href=\"https:\/\/ayd.atuorden.cl\/index.php\/accommodation-category\/a2p\/\">Apartamento 2 personas<\/a><\/span><\/span><\/li>\n\t\n<\/ul>\n\n\t<p class=\"mphb-regular-price\"><strong>Precio desde:<\/strong>\n\t<span class=\"mphb-price\"><span class=\"mphb-currency\">&#36;<\/span>45.000<\/span> <span class=\"mphb-price-period\" title=\"Establezca las fechas para ver los precios adecuados\">por noche<\/span>\n\t<\/p>\n\t\n<p class=\"mphb-view-details-button-wrapper\">\n<a class=\"button mphb-view-details-button\" href=\"https:\/\/ayd.atuorden.cl\/index.php\/accommodation\/estudio\/\" >Ver detalles<\/a>\n<\/p>\n<div class=\"mphb-to-book-btn-wrapper\">\n<form action=\"https:\/\/ayd.atuorden.cl\/index.php\/accommodation\/estudio\/#booking-form-95\" method=\"get\" ><button type=\"submit\" class=\"button mphb-book-button\" >Hacer reserva<\/button><\/form>\n<br\/><\/div>\n\t\n<\/div>\n\n<div class=\"mphb-room-type post-54 mphb_room_type type-mphb_room_type status-publish mphb_room_type_category-a4p mphb_room_type_category-a5p mphb_room_type_category-a6p mphb-room-type-adults-6 mphb-room-type-children-0 \">\n\n\t\n\t\n<h2 class=\"mphb-room-type-title entry-title\">\n\n<a class=\"mphb-room-type-title\" href=\"https:\/\/ayd.atuorden.cl\/index.php\/accommodation\/apartamento-hasta-6-personas\/\">Departamento 2 Dormitorios<\/a>\n\n<\/h2>\n\n<p>Departamento de dos dormitorios Estos c\u00f3modos y bien equipados departamentos cuentan con una excelente iluminaci\u00f3n natural, est\u00e1n pensados para familias o grupos. Cuentan con: Dormitorio principal con cama doble\/King, ropa de cama, toallas, tv pantalla plana, ba\u00f1o en suite. Segundo dormitorio tiene camarote\/litera, una cama individual y tv pantalla plana. Segundo ba\u00f1o, equipado completo. Sala, [&hellip;]<\/p>\n\n\n<h3 class=\"mphb-room-type-details-title\">Detalles<\/h3><ul class=\"mphb-loop-room-type-attributes\">\n\t<li class=\"mphb-room-type-total-capacity\"><span class=\"mphb-attribute-title mphb-total-capacity-title\">Hu\u00e9spedes:<\/span><span class=\"mphb-attribute-value\">\n\t6\n\t<\/span><\/li>\t\n\n\n\n\n\n\n\n\n\n\t<li class=\"mphb-room-type-categories\"><span class=\"mphb-attribute-title mphb-categories-title\">Categor\u00edas:<\/span><span class=\"mphb-attribute-value\"> <span class=\"category-a4p\"><a href=\"https:\/\/ayd.atuorden.cl\/index.php\/accommodation-category\/a4p\/\">Apartamento 4 personas<\/a><\/span>, <span class=\"category-a5p\"><a href=\"https:\/\/ayd.atuorden.cl\/index.php\/accommodation-category\/a5p\/\">Apartamento 5 personas<\/a><\/span>, <span class=\"category-a6p\"><a href=\"https:\/\/ayd.atuorden.cl\/index.php\/accommodation-category\/a6p\/\">Apartamento 6 personas<\/a><\/span><\/span><\/li>\n\t\n<\/ul>\n\n\t<p class=\"mphb-regular-price\"><strong>Precio desde:<\/strong>\n\t<span class=\"mphb-price\"><span class=\"mphb-currency\">&#36;<\/span>75.000<\/span> <span class=\"mphb-price-period\" title=\"Establezca las fechas para ver los precios adecuados\">por noche<\/span>\n\t<\/p>\n\t\n<p class=\"mphb-view-details-button-wrapper\">\n<a class=\"button mphb-view-details-button\" href=\"https:\/\/ayd.atuorden.cl\/index.php\/accommodation\/apartamento-hasta-6-personas\/\" >Ver detalles<\/a>\n<\/p>\n<div class=\"mphb-to-book-btn-wrapper\">\n<form action=\"https:\/\/ayd.atuorden.cl\/index.php\/accommodation\/apartamento-hasta-6-personas\/#booking-form-54\" method=\"get\" ><button type=\"submit\" class=\"button mphb-book-button\" >Hacer reserva<\/button><\/form>\n<br\/><\/div>\n\t\n<\/div>\n\n<div class=\"mphb-room-type post-49 mphb_room_type type-mphb_room_type status-publish mphb_room_type_category-a1p mphb_room_type_category-a2p mphb_room_type_category-a3p mphb_room_type_category-a4p mphb-room-type-adults-4 mphb-room-type-children-0 \">\n\n\t\n\t\n<h2 class=\"mphb-room-type-title entry-title\">\n\n<a class=\"mphb-room-type-title\" href=\"https:\/\/ayd.atuorden.cl\/index.php\/accommodation\/apartamento-1-a-2-personas\/\">Loft<\/a>\n\n<\/h2>\n\n<p>Departamento tipo Loft Comodidad y estilo tiene este moderno departamento tipo d\u00faplex, completamente amoblado. Tiene amplios ventanales por su dise\u00f1o de doble altura, permitiendo que sea acogedor y luminoso. Cuenta con: Dormitorio en el segundo nivel con ba\u00f1o en suite, cama King, ropa de cama y toallas, tv pantalla plana. Primer nivel tiene una cama [&hellip;]<\/p>\n\n\n<h3 class=\"mphb-room-type-details-title\">Detalles<\/h3><ul class=\"mphb-loop-room-type-attributes\">\n\t<li class=\"mphb-room-type-total-capacity\"><span class=\"mphb-attribute-title mphb-total-capacity-title\">Hu\u00e9spedes:<\/span><span class=\"mphb-attribute-value\">\n\t4\n\t<\/span><\/li>\t\n\n\n\n\n\n\n\n\n\n\t<li class=\"mphb-room-type-categories\"><span class=\"mphb-attribute-title mphb-categories-title\">Categor\u00edas:<\/span><span class=\"mphb-attribute-value\"> <span class=\"category-a1p\"><a href=\"https:\/\/ayd.atuorden.cl\/index.php\/accommodation-category\/a1p\/\">Apartamento 1 persona<\/a><\/span>, <span class=\"category-a2p\"><a href=\"https:\/\/ayd.atuorden.cl\/index.php\/accommodation-category\/a2p\/\">Apartamento 2 personas<\/a><\/span>, <span class=\"category-a3p\"><a href=\"https:\/\/ayd.atuorden.cl\/index.php\/accommodation-category\/a3p\/\">Apartamento 3 personas<\/a><\/span>, <span class=\"category-a4p\"><a href=\"https:\/\/ayd.atuorden.cl\/index.php\/accommodation-category\/a4p\/\">Apartamento 4 personas<\/a><\/span><\/span><\/li>\n\t\n<\/ul>\n\n\t<p class=\"mphb-regular-price\"><strong>Precio desde:<\/strong>\n\t<span class=\"mphb-price\"><span class=\"mphb-currency\">&#36;<\/span>60.000<\/span> <span class=\"mphb-price-period\" title=\"Establezca las fechas para ver los precios adecuados\">por noche<\/span>\n\t<\/p>\n\t\n<p class=\"mphb-view-details-button-wrapper\">\n<a class=\"button mphb-view-details-button\" href=\"https:\/\/ayd.atuorden.cl\/index.php\/accommodation\/apartamento-1-a-2-personas\/\" >Ver detalles<\/a>\n<\/p>\n<div class=\"mphb-to-book-btn-wrapper\">\n<form action=\"https:\/\/ayd.atuorden.cl\/index.php\/accommodation\/apartamento-1-a-2-personas\/#booking-form-49\" method=\"get\" ><button type=\"submit\" class=\"button mphb-book-button\" >Hacer reserva<\/button><\/form>\n<br\/><\/div>\n\t\n<\/div>\n\n<div class=\"mphb-room-type post-42 mphb_room_type type-mphb_room_type status-publish mphb_room_type_category-a1p mphb_room_type_category-a2p mphb_room_type_category-a3p mphb_room_type_category-a4p mphb-room-type-adults-4 mphb-room-type-children-0 \">\n\n\t\n\t\n<h2 class=\"mphb-room-type-title entry-title\">\n\n<a class=\"mphb-room-type-title\" href=\"https:\/\/ayd.atuorden.cl\/index.php\/accommodation\/apartamento-1-persona\/\">Departamento 1 Dormitorio<\/a>\n\n<\/h2>\n\n<p>Departamento de un dormitorio Nuestros departamentos de un dormitorio son luminosos y funcionales, ideales para la estad\u00eda en la ciudad. Est\u00e1n totalmente amoblados y equipados, pensando para que te sientas como en casa. Cuentan con: Dormitorio con ba\u00f1o en suite, cama doble, ropa de cama y toallas, tv de pantalla plana. En la sala cuenta [&hellip;]<\/p>\n\n\n<h3 class=\"mphb-room-type-details-title\">Detalles<\/h3><ul class=\"mphb-loop-room-type-attributes\">\n\t<li class=\"mphb-room-type-total-capacity\"><span class=\"mphb-attribute-title mphb-total-capacity-title\">Hu\u00e9spedes:<\/span><span class=\"mphb-attribute-value\">\n\t4\n\t<\/span><\/li>\t\n\n\n\n\n\n\n\n\n\n\t<li class=\"mphb-room-type-categories\"><span class=\"mphb-attribute-title mphb-categories-title\">Categor\u00edas:<\/span><span class=\"mphb-attribute-value\"> <span class=\"category-a1p\"><a href=\"https:\/\/ayd.atuorden.cl\/index.php\/accommodation-category\/a1p\/\">Apartamento 1 persona<\/a><\/span>, <span class=\"category-a2p\"><a href=\"https:\/\/ayd.atuorden.cl\/index.php\/accommodation-category\/a2p\/\">Apartamento 2 personas<\/a><\/span>, <span class=\"category-a3p\"><a href=\"https:\/\/ayd.atuorden.cl\/index.php\/accommodation-category\/a3p\/\">Apartamento 3 personas<\/a><\/span>, <span class=\"category-a4p\"><a href=\"https:\/\/ayd.atuorden.cl\/index.php\/accommodation-category\/a4p\/\">Apartamento 4 personas<\/a><\/span><\/span><\/li>\n\t\n<\/ul>\n\n\t<p class=\"mphb-regular-price\"><strong>Precio desde:<\/strong>\n\t<span class=\"mphb-price\"><span class=\"mphb-currency\">&#36;<\/span>60.000<\/span> <span class=\"mphb-price-period\" title=\"Establezca las fechas para ver los precios adecuados\">por noche<\/span>\n\t<\/p>\n\t\n<p class=\"mphb-view-details-button-wrapper\">\n<a class=\"button mphb-view-details-button\" href=\"https:\/\/ayd.atuorden.cl\/index.php\/accommodation\/apartamento-1-persona\/\" >Ver detalles<\/a>\n<\/p>\n<div class=\"mphb-to-book-btn-wrapper\">\n<form action=\"https:\/\/ayd.atuorden.cl\/index.php\/accommodation\/apartamento-1-persona\/#booking-form-42\" method=\"get\" ><button type=\"submit\" class=\"button mphb-book-button\" >Hacer reserva<\/button><\/form>\n<br\/><\/div>\n\t\n<\/div>\n<\/div>\n","protected":false},"excerpt":{"rendered":"","protected":false},"author":1,"featured_media":0,"parent":0,"menu_order":0,"comment_status":"closed","ping_status":"closed","template":"","meta":{"footnotes":""},"class_list":["post-32","page","type-page","status-publish","hentry"],"_links":{"self":[{"href":"https:\/\/ayd.atuorden.cl\/index.php\/wp-json\/wp\/v2\/pages\/32","targetHints":{"allow":["GET"]}}],"collection":[{"href":"https:\/\/ayd.atuorden.cl\/index.php\/wp-json\/wp\/v2\/pages"}],"about":[{"href":"https:\/\/ayd.atuorden.cl\/index.php\/wp-json\/wp\/v2\/types\/page"}],"author":[{"embeddable":true,"href":"https:\/\/ayd.atuorden.cl\/index.php\/wp-json\/wp\/v2\/users\/1"}],"replies":[{"embeddable":true,"href":"https:\/\/ayd.atuorden.cl\/index.php\/wp-json\/wp\/v2\/comments?post=32"}],"version-history":[{"count":1,"href":"https:\/\/ayd.atuorden.cl\/index.php\/wp-json\/wp\/v2\/pages\/32\/revisions"}],"predecessor-version":[{"id":121,"href":"https:\/\/ayd.atuorden.cl\/index.php\/wp-json\/wp\/v2\/pages\/32\/revisions\/121"}],"wp:attachment":[{"href":"https:\/\/ayd.atuorden.cl\/index.php\/wp-json\/wp\/v2\/media?parent=32"}],"curies":[{"name":"wp","href":"https:\/\/api.w.org\/{rel}","templated":true}]}}